{"id":768,"date":"2025-10-12T17:23:40","date_gmt":"2025-10-12T17:23:40","guid":{"rendered":"https:\/\/kualiprosis.com\/?post_type=product&#038;p=768"},"modified":"2025-10-12T17:32:17","modified_gmt":"2025-10-12T17:32:17","slug":"tenaza-de-crimpado","status":"publish","type":"product","link":"https:\/\/kualiprosis.com\/?product=tenaza-de-crimpado","title":{"rendered":"Tenaza de crimpado"},"content":{"rendered":"","protected":false},"excerpt":{"rendered":"<p>Herramienta profesional para terminales tipo tubo de 0.25 a 6 mm\u00b2. Mecanismo de trinquete, ajuste autom\u00e1tico de secci\u00f3n y mango ergon\u00f3mico antideslizante. Cumple normas DIN EN 60900.<\/p>\n","protected":false},"featured_media":717,"template":"","meta":{"_coblocks_attr":"","_coblocks_dimensions":"","_coblocks_responsive_height":"","_coblocks_accordion_ie_support":""},"pwb-brand":[20],"product_brand":[23],"product_cat":[27],"product_tag":[],"class_list":{"0":"post-768","1":"product","2":"type-product","3":"status-publish","4":"has-post-thumbnail","6":"pwb-brand-wago","7":"product_brand-wago","8":"product_cat-herramientas","10":"first","11":"instock","12":"shipping-taxable","13":"product-type-simple"},"brands":[{"id":20,"name":"Wago","slug":"wago"}],"_links":{"self":[{"href":"https:\/\/kualiprosis.com\/index.php?rest_route=\/wp\/v2\/product\/768","targetHints":{"allow":["GET"]}}],"collection":[{"href":"https:\/\/kualiprosis.com\/index.php?rest_route=\/wp\/v2\/product"}],"about":[{"href":"https:\/\/kualiprosis.com\/index.php?rest_route=\/wp\/v2\/types\/product"}],"wp:featuredmedia":[{"embeddable":true,"href":"https:\/\/kualiprosis.com\/index.php?rest_route=\/wp\/v2\/media\/717"}],"wp:attachment":[{"href":"https:\/\/kualiprosis.com\/index.php?rest_route=%2Fwp%2Fv2%2Fmedia&parent=768"}],"wp:term":[{"taxonomy":"pwb-brand","embeddable":true,"href":"https:\/\/kualiprosis.com\/index.php?rest_route=%2Fwp%2Fv2%2Fpwb-brand&post=768"},{"taxonomy":"product_brand","embeddable":true,"href":"https:\/\/kualiprosis.com\/index.php?rest_route=%2Fwp%2Fv2%2Fproduct_brand&post=768"},{"taxonomy":"product_cat","embeddable":true,"href":"https:\/\/kualiprosis.com\/index.php?rest_route=%2Fwp%2Fv2%2Fproduct_cat&post=768"},{"taxonomy":"product_tag","embeddable":true,"href":"https:\/\/kualiprosis.com\/index.php?rest_route=%2Fwp%2Fv2%2Fproduct_tag&post=768"}],"curies":[{"name":"wp","href":"https:\/\/api.w.org\/{rel}","templated":true}]}}