{"id":764,"date":"2025-10-12T17:22:33","date_gmt":"2025-10-12T17:22:33","guid":{"rendered":"https:\/\/kualiprosis.com\/?post_type=product&#038;p=764"},"modified":"2025-10-12T17:33:09","modified_gmt":"2025-10-12T17:33:09","slug":"gelbox","status":"publish","type":"product","link":"https:\/\/kualiprosis.com\/?product=gelbox","title":{"rendered":"Gelbox"},"content":{"rendered":"","protected":false},"excerpt":{"rendered":"<p>Caja protectora con gel aislante para bornes de instalaci\u00f3n WAGO 221. Ofrece protecci\u00f3n IPX8 contra humedad y polvo, sin necesidad de mantenimiento. Apta para uso en exteriores y entornos h\u00famedos.<\/p>\n","protected":false},"featured_media":719,"template":"","meta":{"_coblocks_attr":"","_coblocks_dimensions":"","_coblocks_responsive_height":"","_coblocks_accordion_ie_support":""},"pwb-brand":[20],"product_brand":[23],"product_cat":[26],"product_tag":[],"class_list":{"0":"post-764","1":"product","2":"type-product","3":"status-publish","4":"has-post-thumbnail","6":"pwb-brand-wago","7":"product_brand-wago","8":"product_cat-tecnologia-de-conexion","10":"first","11":"instock","12":"shipping-taxable","13":"product-type-simple"},"brands":[{"id":20,"name":"Wago","slug":"wago"}],"_links":{"self":[{"href":"https:\/\/kualiprosis.com\/index.php?rest_route=\/wp\/v2\/product\/764","targetHints":{"allow":["GET"]}}],"collection":[{"href":"https:\/\/kualiprosis.com\/index.php?rest_route=\/wp\/v2\/product"}],"about":[{"href":"https:\/\/kualiprosis.com\/index.php?rest_route=\/wp\/v2\/types\/product"}],"wp:featuredmedia":[{"embeddable":true,"href":"https:\/\/kualiprosis.com\/index.php?rest_route=\/wp\/v2\/media\/719"}],"wp:attachment":[{"href":"https:\/\/kualiprosis.com\/index.php?rest_route=%2Fwp%2Fv2%2Fmedia&parent=764"}],"wp:term":[{"taxonomy":"pwb-brand","embeddable":true,"href":"https:\/\/kualiprosis.com\/index.php?rest_route=%2Fwp%2Fv2%2Fpwb-brand&post=764"},{"taxonomy":"product_brand","embeddable":true,"href":"https:\/\/kualiprosis.com\/index.php?rest_route=%2Fwp%2Fv2%2Fproduct_brand&post=764"},{"taxonomy":"product_cat","embeddable":true,"href":"https:\/\/kualiprosis.com\/index.php?rest_route=%2Fwp%2Fv2%2Fproduct_cat&post=764"},{"taxonomy":"product_tag","embeddable":true,"href":"https:\/\/kualiprosis.com\/index.php?rest_route=%2Fwp%2Fv2%2Fproduct_tag&post=764"}],"curies":[{"name":"wp","href":"https:\/\/api.w.org\/{rel}","templated":true}]}}