{"id":763,"date":"2025-10-12T17:22:01","date_gmt":"2025-10-12T17:22:01","guid":{"rendered":"https:\/\/kualiprosis.com\/?post_type=product&#038;p=763"},"modified":"2025-10-12T17:32:57","modified_gmt":"2025-10-12T17:32:57","slug":"puente-de-conexion","status":"publish","type":"product","link":"https:\/\/kualiprosis.com\/?product=puente-de-conexion","title":{"rendered":"Puente de conexi\u00f3n"},"content":{"rendered":"","protected":false},"excerpt":{"rendered":"<p>Puente enchufable para bornes TOPJOB S, 10 puntos de conexi\u00f3n. Facilita el interconectado el\u00e9ctrico r\u00e1pido y seguro entre bornes, garantizando una distribuci\u00f3n de potencial uniforme. Material conductor de cobre esta\u00f1ado.<\/p>\n","protected":false},"featured_media":720,"template":"","meta":{"_coblocks_attr":"","_coblocks_dimensions":"","_coblocks_responsive_height":"","_coblocks_accordion_ie_support":""},"pwb-brand":[20],"product_brand":[23],"product_cat":[26],"product_tag":[],"class_list":{"0":"post-763","1":"product","2":"type-product","3":"status-publish","4":"has-post-thumbnail","6":"pwb-brand-wago","7":"product_brand-wago","8":"product_cat-tecnologia-de-conexion","10":"first","11":"instock","12":"shipping-taxable","13":"product-type-simple"},"brands":[{"id":20,"name":"Wago","slug":"wago"}],"_links":{"self":[{"href":"https:\/\/kualiprosis.com\/index.php?rest_route=\/wp\/v2\/product\/763","targetHints":{"allow":["GET"]}}],"collection":[{"href":"https:\/\/kualiprosis.com\/index.php?rest_route=\/wp\/v2\/product"}],"about":[{"href":"https:\/\/kualiprosis.com\/index.php?rest_route=\/wp\/v2\/types\/product"}],"wp:featuredmedia":[{"embeddable":true,"href":"https:\/\/kualiprosis.com\/index.php?rest_route=\/wp\/v2\/media\/720"}],"wp:attachment":[{"href":"https:\/\/kualiprosis.com\/index.php?rest_route=%2Fwp%2Fv2%2Fmedia&parent=763"}],"wp:term":[{"taxonomy":"pwb-brand","embeddable":true,"href":"https:\/\/kualiprosis.com\/index.php?rest_route=%2Fwp%2Fv2%2Fpwb-brand&post=763"},{"taxonomy":"product_brand","embeddable":true,"href":"https:\/\/kualiprosis.com\/index.php?rest_route=%2Fwp%2Fv2%2Fproduct_brand&post=763"},{"taxonomy":"product_cat","embeddable":true,"href":"https:\/\/kualiprosis.com\/index.php?rest_route=%2Fwp%2Fv2%2Fproduct_cat&post=763"},{"taxonomy":"product_tag","embeddable":true,"href":"https:\/\/kualiprosis.com\/index.php?rest_route=%2Fwp%2Fv2%2Fproduct_tag&post=763"}],"curies":[{"name":"wp","href":"https:\/\/api.w.org\/{rel}","templated":true}]}}