{"id":762,"date":"2025-10-12T17:18:51","date_gmt":"2025-10-12T17:18:51","guid":{"rendered":"https:\/\/kualiprosis.com\/?post_type=product&#038;p=762"},"modified":"2025-10-12T17:32:49","modified_gmt":"2025-10-12T17:32:49","slug":"modulo-con-rele","status":"publish","type":"product","link":"https:\/\/kualiprosis.com\/?product=modulo-con-rele","title":{"rendered":"M\u00f3dulo con rel\u00e9"},"content":{"rendered":"","protected":false},"excerpt":{"rendered":"<p>M\u00f3dulo rel\u00e9 de interfaz de 24 V AC\/DC con 1 contacto conmutado (SPDT) de 6 A. Ancho compacto de 6 mm, conexi\u00f3n Push-in CAGE CLAMP\u00ae, LED indicador y montaje sobre carril DIN 35. Ideal para aislamiento de se\u00f1ales en sistemas de automatizaci\u00f3n.<\/p>\n","protected":false},"featured_media":721,"template":"","meta":{"_coblocks_attr":"","_coblocks_dimensions":"","_coblocks_responsive_height":"","_coblocks_accordion_ie_support":""},"pwb-brand":[20],"product_brand":[23],"product_cat":[25],"product_tag":[],"class_list":{"0":"post-762","1":"product","2":"type-product","3":"status-publish","4":"has-post-thumbnail","6":"pwb-brand-wago","7":"product_brand-wago","8":"product_cat-interfaz-electronica","10":"first","11":"instock","12":"shipping-taxable","13":"product-type-simple"},"brands":[{"id":20,"name":"Wago","slug":"wago"}],"_links":{"self":[{"href":"https:\/\/kualiprosis.com\/index.php?rest_route=\/wp\/v2\/product\/762","targetHints":{"allow":["GET"]}}],"collection":[{"href":"https:\/\/kualiprosis.com\/index.php?rest_route=\/wp\/v2\/product"}],"about":[{"href":"https:\/\/kualiprosis.com\/index.php?rest_route=\/wp\/v2\/types\/product"}],"wp:featuredmedia":[{"embeddable":true,"href":"https:\/\/kualiprosis.com\/index.php?rest_route=\/wp\/v2\/media\/721"}],"wp:attachment":[{"href":"https:\/\/kualiprosis.com\/index.php?rest_route=%2Fwp%2Fv2%2Fmedia&parent=762"}],"wp:term":[{"taxonomy":"pwb-brand","embeddable":true,"href":"https:\/\/kualiprosis.com\/index.php?rest_route=%2Fwp%2Fv2%2Fpwb-brand&post=762"},{"taxonomy":"product_brand","embeddable":true,"href":"https:\/\/kualiprosis.com\/index.php?rest_route=%2Fwp%2Fv2%2Fproduct_brand&post=762"},{"taxonomy":"product_cat","embeddable":true,"href":"https:\/\/kualiprosis.com\/index.php?rest_route=%2Fwp%2Fv2%2Fproduct_cat&post=762"},{"taxonomy":"product_tag","embeddable":true,"href":"https:\/\/kualiprosis.com\/index.php?rest_route=%2Fwp%2Fv2%2Fproduct_tag&post=762"}],"curies":[{"name":"wp","href":"https:\/\/api.w.org\/{rel}","templated":true}]}}