{"id":755,"date":"2025-10-12T17:00:50","date_gmt":"2025-10-12T17:00:50","guid":{"rendered":"https:\/\/kualiprosis.com\/?post_type=product&#038;p=755"},"modified":"2025-10-12T17:32:41","modified_gmt":"2025-10-12T17:32:41","slug":"carril-de-acero-galvanizado","status":"publish","type":"product","link":"https:\/\/kualiprosis.com\/?product=carril-de-acero-galvanizado","title":{"rendered":"Carril de acero galvanizado"},"content":{"rendered":"","protected":false},"excerpt":{"rendered":"<p>Carril DIN de acero galvanizado de 35 mm (EN 60715) para montaje de bornes y dispositivos modulares. Longitud 2 m, espesor 1 mm, resistente a la corrosi\u00f3n y compatible con sistemas est\u00e1ndar de control el\u00e9ctrico.<\/p>\n","protected":false},"featured_media":716,"template":"","meta":{"_coblocks_attr":"","_coblocks_dimensions":"","_coblocks_responsive_height":"","_coblocks_accordion_ie_support":""},"pwb-brand":[20],"product_brand":[23],"product_cat":[22],"product_tag":[],"class_list":{"0":"post-755","1":"product","2":"type-product","3":"status-publish","4":"has-post-thumbnail","6":"pwb-brand-wago","7":"product_brand-wago","8":"product_cat-accesorios","10":"first","11":"instock","12":"shipping-taxable","13":"product-type-simple"},"brands":[{"id":20,"name":"Wago","slug":"wago"}],"_links":{"self":[{"href":"https:\/\/kualiprosis.com\/index.php?rest_route=\/wp\/v2\/product\/755","targetHints":{"allow":["GET"]}}],"collection":[{"href":"https:\/\/kualiprosis.com\/index.php?rest_route=\/wp\/v2\/product"}],"about":[{"href":"https:\/\/kualiprosis.com\/index.php?rest_route=\/wp\/v2\/types\/product"}],"wp:featuredmedia":[{"embeddable":true,"href":"https:\/\/kualiprosis.com\/index.php?rest_route=\/wp\/v2\/media\/716"}],"wp:attachment":[{"href":"https:\/\/kualiprosis.com\/index.php?rest_route=%2Fwp%2Fv2%2Fmedia&parent=755"}],"wp:term":[{"taxonomy":"pwb-brand","embeddable":true,"href":"https:\/\/kualiprosis.com\/index.php?rest_route=%2Fwp%2Fv2%2Fpwb-brand&post=755"},{"taxonomy":"product_brand","embeddable":true,"href":"https:\/\/kualiprosis.com\/index.php?rest_route=%2Fwp%2Fv2%2Fproduct_brand&post=755"},{"taxonomy":"product_cat","embeddable":true,"href":"https:\/\/kualiprosis.com\/index.php?rest_route=%2Fwp%2Fv2%2Fproduct_cat&post=755"},{"taxonomy":"product_tag","embeddable":true,"href":"https:\/\/kualiprosis.com\/index.php?rest_route=%2Fwp%2Fv2%2Fproduct_tag&post=755"}],"curies":[{"name":"wp","href":"https:\/\/api.w.org\/{rel}","templated":true}]}}