{"id":688,"date":"2025-10-12T19:26:33","date_gmt":"2025-10-12T19:26:33","guid":{"rendered":"https:\/\/kualiprosis.com\/?page_id=688"},"modified":"2025-10-12T19:26:33","modified_gmt":"2025-10-12T19:26:33","slug":"catalogo","status":"publish","type":"page","link":"https:\/\/kualiprosis.com\/?page_id=688","title":{"rendered":"Cat\u00e1logo"},"content":{"rendered":"\t\t<div data-elementor-type=\"wp-page\" data-elementor-id=\"688\" class=\"elementor elementor-688\" data-elementor-post-type=\"page\">\n\t\t\t\t\t\t<section class=\"elementor-section elementor-top-section elementor-element elementor-element-240e29a elementor-section-boxed elementor-section-height-default elementor-section-height-default elementor-invisible\" data-id=\"240e29a\" data-element_type=\"section\" data-e-type=\"section\" data-settings=\"{&quot;animation&quot;:&quot;fadeIn&quot;}\">\n\t\t\t\t\t\t<div class=\"elementor-container elementor-column-gap-default\">\n\t\t\t\t\t<div class=\"elementor-column elementor-col-100 elementor-top-column elementor-element elementor-element-c21fe2a\" data-id=\"c21fe2a\" data-element_type=\"column\" data-e-type=\"column\">\n\t\t\t<div class=\"elementor-widget-wrap elementor-element-populated\">\n\t\t\t\t\t\t<div class=\"elementor-element elementor-element-6c38d88 elementor-widget elementor-widget-heading\" data-id=\"6c38d88\" data-element_type=\"widget\" data-e-type=\"widget\" data-widget_type=\"heading.default\">\n\t\t\t\t<div class=\"elementor-widget-container\">\n\t\t\t\t\t<h2 class=\"elementor-heading-title elementor-size-default\">Cat\u00e1logo de Productos<\/h2>\t\t\t\t<\/div>\n\t\t\t\t<\/div>\n\t\t\t\t\t<\/div>\n\t\t<\/div>\n\t\t\t\t\t<\/div>\n\t\t<\/section>\n\t\t\t\t<section class=\"elementor-section elementor-top-section elementor-element elementor-element-bd2c458 elementor-section-boxed elementor-section-height-default elementor-section-height-default elementor-invisible\" data-id=\"bd2c458\" data-element_type=\"section\" data-e-type=\"section\" data-settings=\"{&quot;animation&quot;:&quot;fadeIn&quot;}\">\n\t\t\t\t\t\t<div class=\"elementor-container elementor-column-gap-default\">\n\t\t\t\t\t<div class=\"elementor-column elementor-col-100 elementor-top-column elementor-element elementor-element-bda17dd\" data-id=\"bda17dd\" data-element_type=\"column\" data-e-type=\"column\">\n\t\t\t<div class=\"elementor-widget-wrap elementor-element-populated\">\n\t\t\t\t\t\t<div class=\"elementor-element elementor-element-2b87b49 elementor-alert-info elementor-widget elementor-widget-alert\" data-id=\"2b87b49\" data-element_type=\"widget\" data-e-type=\"widget\" data-widget_type=\"alert.default\">\n\t\t\t\t<div class=\"elementor-widget-container\">\n\t\t\t\t\t\t\t<div class=\"elementor-alert\" role=\"alert\">\n\n\t\t\t\t\t\t<span class=\"elementor-alert-title\">Ponte en contacto con nosotros para tus compras<\/span>\n\t\t\t\n\t\t\t\t\t\t<span class=\"elementor-alert-description\">Para realizar las compras de estos productos, le recomendamos que se ponga en contacto con nosotros a los correos ventas@kualiprosis.com o llamenos a los tel\u00e9fonos +505 8934-7405 (Claro), +505 8934-7424 (Claro), +505 8149-1132 (Tigo) o +505 7656-2994 (Tigo)<\/span>\n\t\t\t\n\t\t\t\t\t\t<button type=\"button\" class=\"elementor-alert-dismiss\" aria-label=\"Descartar esta alerta.\">\n\t\t\t\t\t\t\t\t\t<span aria-hidden=\"true\">&times;<\/span>\n\t\t\t\t\t\t\t<\/button>\n\t\t\t\n\t\t<\/div>\n\t\t\t\t\t\t<\/div>\n\t\t\t\t<\/div>\n\t\t\t\t\t<\/div>\n\t\t<\/div>\n\t\t\t\t\t<\/div>\n\t\t<\/section>\n\t\t\t\t<section class=\"elementor-section elementor-top-section elementor-element elementor-element-8e5b751 elementor-section-boxed elementor-section-height-default elementor-section-height-default\" data-id=\"8e5b751\" data-element_type=\"section\" data-e-type=\"section\">\n\t\t\t\t\t\t<div class=\"elementor-container elementor-column-gap-default\">\n\t\t\t\t\t<div class=\"elementor-column elementor-col-100 elementor-top-column elementor-element elementor-element-c941d3f\" data-id=\"c941d3f\" data-element_type=\"column\" data-e-type=\"column\">\n\t\t\t<div class=\"elementor-widget-wrap elementor-element-populated\">\n\t\t\t\t\t\t<div class=\"elementor-element elementor-element-c8431e6 elementor-invisible elementor-widget elementor-widget-image\" data-id=\"c8431e6\" data-element_type=\"widget\" data-e-type=\"widget\" data-settings=\"{&quot;_animation&quot;:&quot;fadeIn&quot;}\" data-widget_type=\"image.default\">\n\t\t\t\t<div class=\"elementor-widget-container\">\n\t\t\t\t\t\t\t\t\t\t\t\t\t\t\t<img decoding=\"async\" width=\"300\" height=\"108\" src=\"https:\/\/kualiprosis.com\/wp-content\/uploads\/2025\/09\/wago-logo-300x108.png\" class=\"attachment-medium size-medium wp-image-635\" alt=\"\" srcset=\"https:\/\/kualiprosis.com\/wp-content\/uploads\/2025\/09\/wago-logo-300x108.png 300w, https:\/\/kualiprosis.com\/wp-content\/uploads\/2025\/09\/wago-logo-1024x370.png 1024w, https:\/\/kualiprosis.com\/wp-content\/uploads\/2025\/09\/wago-logo-768x277.png 768w, https:\/\/kualiprosis.com\/wp-content\/uploads\/2025\/09\/wago-logo-720x260.png 720w, https:\/\/kualiprosis.com\/wp-content\/uploads\/2025\/09\/wago-logo.png 1202w\" sizes=\"(max-width: 300px) 100vw, 300px\" \/>\t\t\t\t\t\t\t\t\t\t\t\t\t\t\t<\/div>\n\t\t\t\t<\/div>\n\t\t\t\t\t<\/div>\n\t\t<\/div>\n\t\t\t\t\t<\/div>\n\t\t<\/section>\n\t\t\t\t<section class=\"elementor-section elementor-top-section elementor-element elementor-element-87ebb8a elementor-section-boxed elementor-section-height-default elementor-section-height-default elementor-invisible\" data-id=\"87ebb8a\" data-element_type=\"section\" data-e-type=\"section\" data-settings=\"{&quot;animation&quot;:&quot;fadeIn&quot;}\">\n\t\t\t\t\t\t<div class=\"elementor-container elementor-column-gap-default\">\n\t\t\t\t\t<div class=\"elementor-column elementor-col-100 elementor-top-column elementor-element elementor-element-9edebab\" data-id=\"9edebab\" data-element_type=\"column\" data-e-type=\"column\">\n\t\t\t<div class=\"elementor-widget-wrap elementor-element-populated\">\n\t\t\t\t\t\t<div class=\"elementor-element elementor-element-51264ee elementor-grid-3 elementor-grid-tablet-3 elementor-grid-mobile-2 elementor-products-grid elementor-wc-products elementor-widget elementor-widget-woocommerce-products\" data-id=\"51264ee\" data-element_type=\"widget\" data-e-type=\"widget\" data-widget_type=\"woocommerce-products.default\">\n\t\t\t\t<div class=\"elementor-widget-container\">\n\t\t\t\t\t<div class=\"woocommerce columns-3 \"><ul class=\"products elementor-grid columns-3\">\n<li class=\"product type-product post-755 status-publish first instock product_cat-accesorios has-post-thumbnail shipping-taxable product-type-simple\">\n\t<a href=\"https:\/\/kualiprosis.com\/?product=carril-de-acero-galvanizado\" class=\"woocommerce-LoopProduct-link woocommerce-loop-product__link\"><img fetchpriority=\"high\" decoding=\"async\" width=\"300\" height=\"300\" src=\"https:\/\/kualiprosis.com\/wp-content\/uploads\/2025\/10\/carrildeacero-300x300.jpg\" class=\"attachment-woocommerce_thumbnail size-woocommerce_thumbnail\" alt=\"Carril de acero galvanizado\" srcset=\"https:\/\/kualiprosis.com\/wp-content\/uploads\/2025\/10\/carrildeacero-300x300.jpg 300w, https:\/\/kualiprosis.com\/wp-content\/uploads\/2025\/10\/carrildeacero-150x150.jpg 150w, https:\/\/kualiprosis.com\/wp-content\/uploads\/2025\/10\/carrildeacero-360x360.jpg 360w, https:\/\/kualiprosis.com\/wp-content\/uploads\/2025\/10\/carrildeacero-100x100.jpg 100w\" sizes=\"(max-width: 300px) 100vw, 300px\" \/><h2 class=\"woocommerce-loop-product__title\">Carril de acero galvanizado<\/h2>\n<\/a><a href=\"https:\/\/kualiprosis.com\/?product=carril-de-acero-galvanizado\" data-quantity=\"1\" class=\"button product_type_simple\" data-product_id=\"755\" data-product_sku=\"\" aria-label=\"Lee m\u00e1s sobre &ldquo;Carril de acero galvanizado&rdquo;\" rel=\"nofollow\" data-success_message=\"\"><i class=\"fas fa-shopping-cart\"><\/i><\/a><\/li>\n<li class=\"product type-product post-762 status-publish instock product_cat-interfaz-electronica has-post-thumbnail shipping-taxable product-type-simple\">\n\t<a href=\"https:\/\/kualiprosis.com\/?product=modulo-con-rele\" class=\"woocommerce-LoopProduct-link woocommerce-loop-product__link\"><img decoding=\"async\" width=\"300\" height=\"300\" src=\"https:\/\/kualiprosis.com\/wp-content\/uploads\/2025\/10\/moduloconrele-300x300.jpg\" class=\"attachment-woocommerce_thumbnail size-woocommerce_thumbnail\" alt=\"M\u00f3dulo con rel\u00e9\" srcset=\"https:\/\/kualiprosis.com\/wp-content\/uploads\/2025\/10\/moduloconrele-300x300.jpg 300w, https:\/\/kualiprosis.com\/wp-content\/uploads\/2025\/10\/moduloconrele-150x150.jpg 150w, https:\/\/kualiprosis.com\/wp-content\/uploads\/2025\/10\/moduloconrele-360x360.jpg 360w, https:\/\/kualiprosis.com\/wp-content\/uploads\/2025\/10\/moduloconrele-100x100.jpg 100w\" sizes=\"(max-width: 300px) 100vw, 300px\" \/><h2 class=\"woocommerce-loop-product__title\">M\u00f3dulo con rel\u00e9<\/h2>\n<\/a><a href=\"https:\/\/kualiprosis.com\/?product=modulo-con-rele\" data-quantity=\"1\" class=\"button product_type_simple\" data-product_id=\"762\" data-product_sku=\"\" aria-label=\"Lee m\u00e1s sobre &ldquo;M\u00f3dulo con rel\u00e9&rdquo;\" rel=\"nofollow\" data-success_message=\"\"><i class=\"fas fa-shopping-cart\"><\/i><\/a><\/li>\n<li class=\"product type-product post-763 status-publish last instock product_cat-tecnologia-de-conexion has-post-thumbnail shipping-taxable product-type-simple\">\n\t<a href=\"https:\/\/kualiprosis.com\/?product=puente-de-conexion\" class=\"woocommerce-LoopProduct-link woocommerce-loop-product__link\"><img loading=\"lazy\" decoding=\"async\" width=\"300\" height=\"300\" src=\"https:\/\/kualiprosis.com\/wp-content\/uploads\/2025\/10\/bornasdecarril.jpg\" class=\"attachment-woocommerce_thumbnail size-woocommerce_thumbnail\" alt=\"Puente de conexi\u00f3n\" srcset=\"https:\/\/kualiprosis.com\/wp-content\/uploads\/2025\/10\/bornasdecarril.jpg 768w, https:\/\/kualiprosis.com\/wp-content\/uploads\/2025\/10\/bornasdecarril-300x300.jpg 300w, https:\/\/kualiprosis.com\/wp-content\/uploads\/2025\/10\/bornasdecarril-150x150.jpg 150w, https:\/\/kualiprosis.com\/wp-content\/uploads\/2025\/10\/bornasdecarril-720x720.jpg 720w, https:\/\/kualiprosis.com\/wp-content\/uploads\/2025\/10\/bornasdecarril-360x360.jpg 360w\" sizes=\"(max-width: 300px) 100vw, 300px\" \/><h2 class=\"woocommerce-loop-product__title\">Puente de conexi\u00f3n<\/h2>\n<\/a><a href=\"https:\/\/kualiprosis.com\/?product=puente-de-conexion\" data-quantity=\"1\" class=\"button product_type_simple\" data-product_id=\"763\" data-product_sku=\"\" aria-label=\"Lee m\u00e1s sobre &ldquo;Puente de conexi\u00f3n&rdquo;\" rel=\"nofollow\" data-success_message=\"\"><i class=\"fas fa-shopping-cart\"><\/i><\/a><\/li>\n<li class=\"product type-product post-764 status-publish first instock product_cat-tecnologia-de-conexion has-post-thumbnail shipping-taxable product-type-simple\">\n\t<a href=\"https:\/\/kualiprosis.com\/?product=gelbox\" class=\"woocommerce-LoopProduct-link woocommerce-loop-product__link\"><img loading=\"lazy\" decoding=\"async\" width=\"300\" height=\"300\" src=\"https:\/\/kualiprosis.com\/wp-content\/uploads\/2025\/10\/bornasdeinstalacion.jpg\" class=\"attachment-woocommerce_thumbnail size-woocommerce_thumbnail\" alt=\"Gelbox\" srcset=\"https:\/\/kualiprosis.com\/wp-content\/uploads\/2025\/10\/bornasdeinstalacion.jpg 768w, https:\/\/kualiprosis.com\/wp-content\/uploads\/2025\/10\/bornasdeinstalacion-300x300.jpg 300w, https:\/\/kualiprosis.com\/wp-content\/uploads\/2025\/10\/bornasdeinstalacion-150x150.jpg 150w, https:\/\/kualiprosis.com\/wp-content\/uploads\/2025\/10\/bornasdeinstalacion-720x720.jpg 720w, https:\/\/kualiprosis.com\/wp-content\/uploads\/2025\/10\/bornasdeinstalacion-360x360.jpg 360w\" sizes=\"(max-width: 300px) 100vw, 300px\" \/><h2 class=\"woocommerce-loop-product__title\">Gelbox<\/h2>\n<\/a><a href=\"https:\/\/kualiprosis.com\/?product=gelbox\" data-quantity=\"1\" class=\"button product_type_simple\" data-product_id=\"764\" data-product_sku=\"\" aria-label=\"Lee m\u00e1s sobre &ldquo;Gelbox&rdquo;\" rel=\"nofollow\" data-success_message=\"\"><i class=\"fas fa-shopping-cart\"><\/i><\/a><\/li>\n<li class=\"product type-product post-766 status-publish instock product_cat-interfaz-electronica has-post-thumbnail shipping-taxable product-type-simple\">\n\t<a href=\"https:\/\/kualiprosis.com\/?product=fuente-de-alimentacion\" class=\"woocommerce-LoopProduct-link woocommerce-loop-product__link\"><img loading=\"lazy\" decoding=\"async\" width=\"300\" height=\"300\" src=\"https:\/\/kualiprosis.com\/wp-content\/uploads\/2025\/10\/modulodealimentacion.jpg\" class=\"attachment-woocommerce_thumbnail size-woocommerce_thumbnail\" alt=\"Fuente de alimentaci\u00f3n\" srcset=\"https:\/\/kualiprosis.com\/wp-content\/uploads\/2025\/10\/modulodealimentacion.jpg 768w, https:\/\/kualiprosis.com\/wp-content\/uploads\/2025\/10\/modulodealimentacion-300x300.jpg 300w, https:\/\/kualiprosis.com\/wp-content\/uploads\/2025\/10\/modulodealimentacion-150x150.jpg 150w, https:\/\/kualiprosis.com\/wp-content\/uploads\/2025\/10\/modulodealimentacion-720x720.jpg 720w, https:\/\/kualiprosis.com\/wp-content\/uploads\/2025\/10\/modulodealimentacion-360x360.jpg 360w\" sizes=\"(max-width: 300px) 100vw, 300px\" \/><h2 class=\"woocommerce-loop-product__title\">Fuente de alimentaci\u00f3n<\/h2>\n<\/a><a href=\"https:\/\/kualiprosis.com\/?product=fuente-de-alimentacion\" data-quantity=\"1\" class=\"button product_type_simple\" data-product_id=\"766\" data-product_sku=\"\" aria-label=\"Lee m\u00e1s sobre &ldquo;Fuente de alimentaci\u00f3n&rdquo;\" rel=\"nofollow\" data-success_message=\"\"><i class=\"fas fa-shopping-cart\"><\/i><\/a><\/li>\n<li class=\"product type-product post-768 status-publish last instock product_cat-herramientas has-post-thumbnail shipping-taxable product-type-simple\">\n\t<a href=\"https:\/\/kualiprosis.com\/?product=tenaza-de-crimpado\" class=\"woocommerce-LoopProduct-link woocommerce-loop-product__link\"><img loading=\"lazy\" decoding=\"async\" width=\"300\" height=\"300\" src=\"https:\/\/kualiprosis.com\/wp-content\/uploads\/2025\/10\/tenazasdecrimpado.jpg\" class=\"attachment-woocommerce_thumbnail size-woocommerce_thumbnail\" alt=\"Tenaza de crimpado\" srcset=\"https:\/\/kualiprosis.com\/wp-content\/uploads\/2025\/10\/tenazasdecrimpado.jpg 768w, https:\/\/kualiprosis.com\/wp-content\/uploads\/2025\/10\/tenazasdecrimpado-300x300.jpg 300w, https:\/\/kualiprosis.com\/wp-content\/uploads\/2025\/10\/tenazasdecrimpado-150x150.jpg 150w, https:\/\/kualiprosis.com\/wp-content\/uploads\/2025\/10\/tenazasdecrimpado-720x720.jpg 720w, https:\/\/kualiprosis.com\/wp-content\/uploads\/2025\/10\/tenazasdecrimpado-360x360.jpg 360w\" sizes=\"(max-width: 300px) 100vw, 300px\" \/><h2 class=\"woocommerce-loop-product__title\">Tenaza de crimpado<\/h2>\n<\/a><a href=\"https:\/\/kualiprosis.com\/?product=tenaza-de-crimpado\" data-quantity=\"1\" class=\"button product_type_simple\" data-product_id=\"768\" data-product_sku=\"\" aria-label=\"Lee m\u00e1s sobre &ldquo;Tenaza de crimpado&rdquo;\" rel=\"nofollow\" data-success_message=\"\"><i class=\"fas fa-shopping-cart\"><\/i><\/a><\/li>\n<\/ul>\n<\/div>\t\t\t\t<\/div>\n\t\t\t\t<\/div>\n\t\t\t\t\t<\/div>\n\t\t<\/div>\n\t\t\t\t\t<\/div>\n\t\t<\/section>\n\t\t\t\t<\/div>\n\t\t","protected":false},"excerpt":{"rendered":"<p>Cat\u00e1logo de Productos Ponte en contacto con nosotros para tus compras Para realizar las compras de estos productos, le recomendamos [&hellip;]<\/p>\n","protected":false},"author":1,"featured_media":0,"parent":0,"menu_order":0,"comment_status":"closed","ping_status":"closed","template":"page-templates\/template_fullwidth.php","meta":{"_coblocks_attr":"","_coblocks_dimensions":"","_coblocks_responsive_height":"","_coblocks_accordion_ie_support":"","footnotes":""},"class_list":["post-688","page","type-page","status-publish","hentry"],"_links":{"self":[{"href":"https:\/\/kualiprosis.com\/index.php?rest_route=\/wp\/v2\/pages\/688","targetHints":{"allow":["GET"]}}],"collection":[{"href":"https:\/\/kualiprosis.com\/index.php?rest_route=\/wp\/v2\/pages"}],"about":[{"href":"https:\/\/kualiprosis.com\/index.php?rest_route=\/wp\/v2\/types\/page"}],"author":[{"embeddable":true,"href":"https:\/\/kualiprosis.com\/index.php?rest_route=\/wp\/v2\/users\/1"}],"replies":[{"embeddable":true,"href":"https:\/\/kualiprosis.com\/index.php?rest_route=%2Fwp%2Fv2%2Fcomments&post=688"}],"version-history":[{"count":72,"href":"https:\/\/kualiprosis.com\/index.php?rest_route=\/wp\/v2\/pages\/688\/revisions"}],"predecessor-version":[{"id":812,"href":"https:\/\/kualiprosis.com\/index.php?rest_route=\/wp\/v2\/pages\/688\/revisions\/812"}],"wp:attachment":[{"href":"https:\/\/kualiprosis.com\/index.php?rest_route=%2Fwp%2Fv2%2Fmedia&parent=688"}],"curies":[{"name":"wp","href":"https:\/\/api.w.org\/{rel}","templated":true}]}}